{"id":13,"date":"2015-01-27T11:54:55","date_gmt":"2015-01-27T11:54:55","guid":{"rendered":"https:\/\/avada.theme-fusion.com_demos\/travel\/?page_id=13"},"modified":"2021-04-07T23:11:58","modified_gmt":"2021-04-07T21:11:58","slug":"apartments","status":"publish","type":"page","link":"https:\/\/apartments-kastelani.com\/hr\/apartments\/","title":{"rendered":"Apartments"},"content":{"rendered":"<p><div class=\"fusion-fullwidth fullwidth-box fusion-builder-row-1 fusion-flex-container nonhundred-percent-fullwidth non-hundred-percent-height-scrolling\" style=\"--awb-background-position:left top;--awb-border-sizes-top:0px;--awb-border-sizes-bottom:0px;--awb-border-sizes-left:0px;--awb-border-sizes-right:0px;--awb-border-radius-top-left:0px;--awb-border-radius-top-right:0px;--awb-border-radius-bottom-right:0px;--awb-border-radius-bottom-left:0px;--awb-padding-top:110px;--awb-padding-bottom:25px;--awb-background-color:#f0f0ed;--awb-flex-wrap:wrap;\" ><div class=\"fusion-builder-row fusion-row fusion-flex-align-items-flex-start fusion-flex-content-wrap\" style=\"max-width:1216.8px;margin-left: calc(-4% \/ 2 );margin-right: calc(-4% \/ 2 );\"><div class=\"fusion-layout-column fusion_builder_column fusion-builder-column-0 fusion_builder_column_1_1 1_1 fusion-flex-column fusion-flex-align-self-flex-start fusion-column-no-min-height\" style=\"--awb-bg-size:cover;--awb-width-large:100%;--awb-margin-top-large:0px;--awb-spacing-right-large:1.92%;--awb-margin-bottom-large:0px;--awb-spacing-left-large:1.92%;--awb-width-medium:100%;--awb-spacing-right-medium:1.92%;--awb-spacing-left-medium:1.92%;--awb-width-small:100%;--awb-spacing-right-small:1.92%;--awb-spacing-left-small:1.92%;\"><div class=\"fusion-column-wrapper fusion-flex-justify-content-flex-start fusion-content-layout-column\"><style type=\"text\/css\">.fusion-portfolio-wrapper#fusion-portfolio-1 .fusion-portfolio-content{  text-align: left; }<\/style><div class=\"fusion-recent-works fusion-portfolio-element fusion-portfolio fusion-portfolio-1 fusion-portfolio-grid fusion-portfolio-paging-none fusion-portfolio-two fusion-portfolio-unboxed fusion-portfolio-text fusion-portfolio-rollover\" data-id=\"-rw-1\" data-columns=\"two\"><style type=\"text\/css\">.fusion-portfolio-1 .fusion-portfolio-wrapper .fusion-col-spacing{padding:6px;}<\/style><div class=\"fusion-portfolio-wrapper\" id=\"fusion-portfolio-1\" data-picturesize=\"auto\" data-pages=\"1\" style=\"margin:-6px;\"><article id=\"portfolio-1-post-364\" class=\"fusion-portfolio-post apartment fusion-col-spacing post-364\"><div class=\"fusion-portfolio-content-wrapper\" style=\"border:none;\"><span class=\"vcard rich-snippet-hidden\"><span class=\"fn\"><a href=\"https:\/\/apartments-kastelani.com\/hr\/author\/admin\/\" title=\"Objave od: admin\" rel=\"author\">admin<\/a><\/span><\/span><span class=\"updated rich-snippet-hidden\">2023-04-19T00:00:57+02:00<\/span><div  class=\"fusion-image-wrapper\" aria-haspopup=\"true\">\n\t\t\t\t<img decoding=\"async\" width=\"2560\" height=\"1706\" src=\"https:\/\/apartments-kastelani.com\/wp-content\/uploads\/2015\/02\/bezelj-011-scaled.jpg\" class=\"attachment-full size-full lazyload wp-post-image\" alt=\"Apartment Alen\" srcset=\"data:image\/svg+xml,%3Csvg%20xmlns%3D%27http%3A%2F%2Fwww.w3.org%2F2000%2Fsvg%27%20width%3D%272560%27%20height%3D%271706%27%20viewBox%3D%270%200%202560%201706%27%3E%3Crect%20width%3D%272560%27%20height%3D%271706%27%20fill-opacity%3D%220%22%2F%3E%3C%2Fsvg%3E\" data-orig-src=\"https:\/\/apartments-kastelani.com\/wp-content\/uploads\/2015\/02\/bezelj-011-scaled.jpg\" data-srcset=\"https:\/\/apartments-kastelani.com\/wp-content\/uploads\/2015\/02\/bezelj-011-200x133.jpg 200w, https:\/\/apartments-kastelani.com\/wp-content\/uploads\/2015\/02\/bezelj-011-400x267.jpg 400w, https:\/\/apartments-kastelani.com\/wp-content\/uploads\/2015\/02\/bezelj-011-600x400.jpg 600w, https:\/\/apartments-kastelani.com\/wp-content\/uploads\/2015\/02\/bezelj-011-800x533.jpg 800w, https:\/\/apartments-kastelani.com\/wp-content\/uploads\/2015\/02\/bezelj-011-1200x800.jpg 1200w, https:\/\/apartments-kastelani.com\/wp-content\/uploads\/2015\/02\/bezelj-011-scaled.jpg 2560w\" data-sizes=\"auto\" \/><div class=\"fusion-rollover\">\n\t<div class=\"fusion-rollover-content\">\n\n\t\t\t\t\t\t\t\t\t\t\t\t\t\t<a class=\"fusion-rollover-link\" href=\"https:\/\/apartments-kastelani.com\/hr\/our-destination\/apartment-alen\/\">Apartman \"Alen\"<\/a>\n\t\t\t\n\t\t\t\t\t\t\t\t\t\t\t\t\t\t\n\t\t\t\t\t\t\t\t\n\t\t\t\t\t\t\t\t\t\t\t\t\t<div class=\"fusion-rollover-sep\"><\/div>\n\t\t\t\t\n\t\t\t\t\t\t\t\t\t\t\t\t\t\t\t\t\t\t<a class=\"fusion-rollover-gallery\" href=\"https:\/\/apartments-kastelani.com\/wp-content\/uploads\/2015\/02\/bezelj-011-scaled.jpg\" data-options=\"\" data-id=\"364\" data-rel=\"iLightbox[gallery-rw-1]\" data-title=\"Apartment Alen\" data-caption=\"\">\n\t\t\t\t\t\tGallery\t\t\t\t\t<\/a>\n\t\t\t\t\t\t\t\t\t\t\t\t\t\t\n\t\t\n\t\t\t\t\t\t\t\t\n\t\t\t\t\t\t\t\t\n\t\t\n\t\t\t\t\t\t<a class=\"fusion-link-wrapper\" href=\"https:\/\/apartments-kastelani.com\/hr\/our-destination\/apartment-alen\/\" aria-label=\"Apartment &#8220;Alen&#8221;\"><\/a>\n\t<\/div>\n<\/div>\n<\/div>\n<div class=\"fusion-portfolio-content\"><h2 class=\"entry-title fusion-post-title\"><a href=\"https:\/\/apartments-kastelani.com\/hr\/our-destination\/apartment-alen\/\">Apartman \"Alen\"<\/a><\/h2><div class=\"fusion-post-content\"><\/div><\/div><\/div><\/article><article id=\"portfolio-1-post-361\" class=\"fusion-portfolio-post apartment fusion-col-spacing post-361\"><div class=\"fusion-portfolio-content-wrapper\" style=\"border:none;\"><span class=\"vcard rich-snippet-hidden\"><span class=\"fn\"><a href=\"https:\/\/apartments-kastelani.com\/hr\/author\/admin\/\" title=\"Objave od: admin\" rel=\"author\">admin<\/a><\/span><\/span><span class=\"updated rich-snippet-hidden\">2023-04-19T00:01:37+02:00<\/span><div  class=\"fusion-image-wrapper\" aria-haspopup=\"true\">\n\t\t\t\t<img decoding=\"async\" width=\"2560\" height=\"1706\" src=\"https:\/\/apartments-kastelani.com\/wp-content\/uploads\/2015\/02\/bezelj-047-scaled.jpg\" class=\"attachment-full size-full lazyload wp-post-image\" alt=\"Apartment Izabela\" srcset=\"data:image\/svg+xml,%3Csvg%20xmlns%3D%27http%3A%2F%2Fwww.w3.org%2F2000%2Fsvg%27%20width%3D%272560%27%20height%3D%271706%27%20viewBox%3D%270%200%202560%201706%27%3E%3Crect%20width%3D%272560%27%20height%3D%271706%27%20fill-opacity%3D%220%22%2F%3E%3C%2Fsvg%3E\" data-orig-src=\"https:\/\/apartments-kastelani.com\/wp-content\/uploads\/2015\/02\/bezelj-047-scaled.jpg\" data-srcset=\"https:\/\/apartments-kastelani.com\/wp-content\/uploads\/2015\/02\/bezelj-047-200x133.jpg 200w, https:\/\/apartments-kastelani.com\/wp-content\/uploads\/2015\/02\/bezelj-047-400x267.jpg 400w, https:\/\/apartments-kastelani.com\/wp-content\/uploads\/2015\/02\/bezelj-047-600x400.jpg 600w, https:\/\/apartments-kastelani.com\/wp-content\/uploads\/2015\/02\/bezelj-047-800x533.jpg 800w, https:\/\/apartments-kastelani.com\/wp-content\/uploads\/2015\/02\/bezelj-047-1200x800.jpg 1200w, https:\/\/apartments-kastelani.com\/wp-content\/uploads\/2015\/02\/bezelj-047-scaled.jpg 2560w\" data-sizes=\"auto\" \/><div class=\"fusion-rollover\">\n\t<div class=\"fusion-rollover-content\">\n\n\t\t\t\t\t\t\t\t\t\t\t\t\t\t<a class=\"fusion-rollover-link\" href=\"https:\/\/apartments-kastelani.com\/hr\/our-destination\/apartment-izabela\/\">Apartman \"Izabela\"<\/a>\n\t\t\t\n\t\t\t\t\t\t\t\t\t\t\t\t\t\t\n\t\t\t\t\t\t\t\t\n\t\t\t\t\t\t\t\t\t\t\t\t\t<div class=\"fusion-rollover-sep\"><\/div>\n\t\t\t\t\n\t\t\t\t\t\t\t\t\t\t\t\t\t\t\t\t\t\t<a class=\"fusion-rollover-gallery\" href=\"https:\/\/apartments-kastelani.com\/wp-content\/uploads\/2015\/02\/bezelj-047-scaled.jpg\" data-options=\"\" data-id=\"361\" data-rel=\"iLightbox[gallery-rw-1]\" data-title=\"Apartment Izabela\" data-caption=\"\">\n\t\t\t\t\t\tGallery\t\t\t\t\t<\/a>\n\t\t\t\t\t\t\t\t\t\t\t\t\t\t\n\t\t\n\t\t\t\t\t\t\t\t\n\t\t\t\t\t\t\t\t\n\t\t\n\t\t\t\t\t\t<a class=\"fusion-link-wrapper\" href=\"https:\/\/apartments-kastelani.com\/hr\/our-destination\/apartment-izabela\/\" aria-label=\"Apartment &#8220;Izabela&#8221;\"><\/a>\n\t<\/div>\n<\/div>\n<\/div>\n<div class=\"fusion-portfolio-content\"><h2 class=\"entry-title fusion-post-title\"><a href=\"https:\/\/apartments-kastelani.com\/hr\/our-destination\/apartment-izabela\/\">Apartman \"Izabela\"<\/a><\/h2><div class=\"fusion-post-content\"><\/div><\/div><\/div><\/article><article id=\"portfolio-1-post-358\" class=\"fusion-portfolio-post apartment fusion-col-spacing post-358\"><div class=\"fusion-portfolio-content-wrapper\" style=\"border:none;\"><span class=\"vcard rich-snippet-hidden\"><span class=\"fn\"><a href=\"https:\/\/apartments-kastelani.com\/hr\/author\/admin\/\" title=\"Objave od: admin\" rel=\"author\">admin<\/a><\/span><\/span><span class=\"updated rich-snippet-hidden\">2023-04-19T00:02:07+02:00<\/span><div  class=\"fusion-image-wrapper\" aria-haspopup=\"true\">\n\t\t\t\t<img decoding=\"async\" width=\"2560\" height=\"1706\" src=\"https:\/\/apartments-kastelani.com\/wp-content\/uploads\/2015\/02\/bezelj-036-scaled.jpg\" class=\"attachment-full size-full lazyload wp-post-image\" alt=\"\" srcset=\"data:image\/svg+xml,%3Csvg%20xmlns%3D%27http%3A%2F%2Fwww.w3.org%2F2000%2Fsvg%27%20width%3D%272560%27%20height%3D%271706%27%20viewBox%3D%270%200%202560%201706%27%3E%3Crect%20width%3D%272560%27%20height%3D%271706%27%20fill-opacity%3D%220%22%2F%3E%3C%2Fsvg%3E\" data-orig-src=\"https:\/\/apartments-kastelani.com\/wp-content\/uploads\/2015\/02\/bezelj-036-scaled.jpg\" data-srcset=\"https:\/\/apartments-kastelani.com\/wp-content\/uploads\/2015\/02\/bezelj-036-200x133.jpg 200w, https:\/\/apartments-kastelani.com\/wp-content\/uploads\/2015\/02\/bezelj-036-400x267.jpg 400w, https:\/\/apartments-kastelani.com\/wp-content\/uploads\/2015\/02\/bezelj-036-600x400.jpg 600w, https:\/\/apartments-kastelani.com\/wp-content\/uploads\/2015\/02\/bezelj-036-800x533.jpg 800w, https:\/\/apartments-kastelani.com\/wp-content\/uploads\/2015\/02\/bezelj-036-1200x800.jpg 1200w, https:\/\/apartments-kastelani.com\/wp-content\/uploads\/2015\/02\/bezelj-036-scaled.jpg 2560w\" data-sizes=\"auto\" \/><div class=\"fusion-rollover\">\n\t<div class=\"fusion-rollover-content\">\n\n\t\t\t\t\t\t\t\t\t\t\t\t\t\t<a class=\"fusion-rollover-link\" href=\"https:\/\/apartments-kastelani.com\/hr\/our-destination\/apartment-roko\/\">Apartman \"Roko\"<\/a>\n\t\t\t\n\t\t\t\t\t\t\t\t\t\t\t\t\t\t\n\t\t\t\t\t\t\t\t\n\t\t\t\t\t\t\t\t\t\t\t\t\t<div class=\"fusion-rollover-sep\"><\/div>\n\t\t\t\t\n\t\t\t\t\t\t\t\t\t\t\t\t\t\t\t\t\t\t<a class=\"fusion-rollover-gallery\" href=\"https:\/\/apartments-kastelani.com\/wp-content\/uploads\/2015\/02\/bezelj-036-scaled.jpg\" data-options=\"\" data-id=\"358\" data-rel=\"iLightbox[gallery-rw-1]\" data-title=\"bezelj-036\" data-caption=\"\">\n\t\t\t\t\t\tGallery\t\t\t\t\t<\/a>\n\t\t\t\t\t\t\t\t\t\t\t\t\t\t\n\t\t\n\t\t\t\t\t\t\t\t\n\t\t\t\t\t\t\t\t\n\t\t\n\t\t\t\t\t\t<a class=\"fusion-link-wrapper\" href=\"https:\/\/apartments-kastelani.com\/hr\/our-destination\/apartment-roko\/\" aria-label=\"Apartment &#8220;Roko&#8221;\"><\/a>\n\t<\/div>\n<\/div>\n<\/div>\n<div class=\"fusion-portfolio-content\"><h2 class=\"entry-title fusion-post-title\"><a href=\"https:\/\/apartments-kastelani.com\/hr\/our-destination\/apartment-roko\/\">Apartman \"Roko\"<\/a><\/h2><div class=\"fusion-post-content\"><\/div><\/div><\/div><\/article><article id=\"portfolio-1-post-61\" class=\"fusion-portfolio-post apartment fusion-col-spacing post-61\"><div class=\"fusion-portfolio-content-wrapper\" style=\"border:none;\"><span class=\"vcard rich-snippet-hidden\"><span class=\"fn\"><a href=\"https:\/\/apartments-kastelani.com\/hr\/author\/admin\/\" title=\"Objave od: admin\" rel=\"author\">admin<\/a><\/span><\/span><span class=\"updated rich-snippet-hidden\">2023-04-19T00:03:14+02:00<\/span><div  class=\"fusion-image-wrapper\" aria-haspopup=\"true\">\n\t\t\t\t<img decoding=\"async\" width=\"2560\" height=\"1706\" src=\"https:\/\/apartments-kastelani.com\/wp-content\/uploads\/2015\/01\/bezelj-062-scaled.jpg\" class=\"attachment-full size-full lazyload wp-post-image\" alt=\"Apartment Sofia\" srcset=\"data:image\/svg+xml,%3Csvg%20xmlns%3D%27http%3A%2F%2Fwww.w3.org%2F2000%2Fsvg%27%20width%3D%272560%27%20height%3D%271706%27%20viewBox%3D%270%200%202560%201706%27%3E%3Crect%20width%3D%272560%27%20height%3D%271706%27%20fill-opacity%3D%220%22%2F%3E%3C%2Fsvg%3E\" data-orig-src=\"https:\/\/apartments-kastelani.com\/wp-content\/uploads\/2015\/01\/bezelj-062-scaled.jpg\" data-srcset=\"https:\/\/apartments-kastelani.com\/wp-content\/uploads\/2015\/01\/bezelj-062-200x133.jpg 200w, https:\/\/apartments-kastelani.com\/wp-content\/uploads\/2015\/01\/bezelj-062-400x267.jpg 400w, https:\/\/apartments-kastelani.com\/wp-content\/uploads\/2015\/01\/bezelj-062-600x400.jpg 600w, https:\/\/apartments-kastelani.com\/wp-content\/uploads\/2015\/01\/bezelj-062-800x533.jpg 800w, https:\/\/apartments-kastelani.com\/wp-content\/uploads\/2015\/01\/bezelj-062-1200x800.jpg 1200w, https:\/\/apartments-kastelani.com\/wp-content\/uploads\/2015\/01\/bezelj-062-scaled.jpg 2560w\" data-sizes=\"auto\" \/><div class=\"fusion-rollover\">\n\t<div class=\"fusion-rollover-content\">\n\n\t\t\t\t\t\t\t\t\t\t\t\t\t\t<a class=\"fusion-rollover-link\" href=\"https:\/\/apartments-kastelani.com\/hr\/our-destination\/apartment-sofia\/\">Apartman \"Sofia\"<\/a>\n\t\t\t\n\t\t\t\t\t\t\t\t\t\t\t\t\t\t\n\t\t\t\t\t\t\t\t\n\t\t\t\t\t\t\t\t\t\t\t\t\t<div class=\"fusion-rollover-sep\"><\/div>\n\t\t\t\t\n\t\t\t\t\t\t\t\t\t\t\t\t\t\t\t\t\t\t<a class=\"fusion-rollover-gallery\" href=\"https:\/\/apartments-kastelani.com\/wp-content\/uploads\/2015\/01\/bezelj-062-scaled.jpg\" data-options=\"\" data-id=\"61\" data-rel=\"iLightbox[gallery-rw-1]\" data-title=\"Apartment Sofia\" data-caption=\"\">\n\t\t\t\t\t\tGallery\t\t\t\t\t<\/a>\n\t\t\t\t\t\t\t\t\t\t\t\t\t\t\n\t\t\n\t\t\t\t\t\t\t\t\n\t\t\t\t\t\t\t\t\n\t\t\n\t\t\t\t\t\t<a class=\"fusion-link-wrapper\" href=\"https:\/\/apartments-kastelani.com\/hr\/our-destination\/apartment-sofia\/\" aria-label=\"Apartment &#8220;Sofia&#8221;\"><\/a>\n\t<\/div>\n<\/div>\n<\/div>\n<div class=\"fusion-portfolio-content\"><h2 class=\"entry-title fusion-post-title\"><a href=\"https:\/\/apartments-kastelani.com\/hr\/our-destination\/apartment-sofia\/\">Apartman \"Sofia\"<\/a><\/h2><div class=\"fusion-post-content\"><\/div><\/div><\/div><\/article><\/div><\/div><\/div><\/div><\/div><\/div><div class=\"fusion-fullwidth fullwidth-box fusion-builder-row-2 fusion-flex-container nonhundred-percent-fullwidth non-hundred-percent-height-scrolling\" style=\"--awb-background-position:left top;--awb-border-sizes-top:0px;--awb-border-sizes-bottom:0px;--awb-border-sizes-left:0px;--awb-border-sizes-right:0px;--awb-border-radius-top-left:0px;--awb-border-radius-top-right:0px;--awb-border-radius-bottom-right:0px;--awb-border-radius-bottom-left:0px;--awb-padding-top:80px;--awb-padding-bottom:80px;--awb-background-color:#6666a4;--awb-flex-wrap:wrap;\" ><div class=\"fusion-builder-row fusion-row fusion-flex-align-items-flex-start fusion-flex-content-wrap\" style=\"max-width:1216.8px;margin-left: calc(-4% \/ 2 );margin-right: calc(-4% \/ 2 );\"><div class=\"fusion-layout-column fusion_builder_column fusion-builder-column-1 fusion_builder_column_1_1 1_1 fusion-flex-column fusion-flex-align-self-flex-start fusion-column-no-min-height\" style=\"--awb-bg-size:cover;--awb-width-large:100%;--awb-margin-top-large:0px;--awb-spacing-right-large:1.92%;--awb-margin-bottom-large:0px;--awb-spacing-left-large:1.92%;--awb-width-medium:100%;--awb-spacing-right-medium:1.92%;--awb-spacing-left-medium:1.92%;--awb-width-small:100%;--awb-spacing-right-small:1.92%;--awb-spacing-left-small:1.92%;\"><div class=\"fusion-column-wrapper fusion-flex-justify-content-flex-start fusion-content-layout-column\"><div class=\"fusion-counters-box counters-box row fusion-clearfix fusion-columns-4\" style=\"--awb-body-color:#ffffff;--awb-body-size:18;--awb-border-color:#6666a4;--awb-color:#ffffff;--awb-title-size:54;--awb-border-color:#6666a4;\"><div class=\"fusion-counter-box fusion-column col-counter-box counter-box-wrapper col-lg-3 col-md-3 col-sm-3\" data-animationoffset=\"top-into-view\"><div class=\"counter-box-container\"><div class=\"content-box-percentage content-box-counter\"><span class=\"display-counter\" data-value=\"1315\" data-delimiter=\",\" data-direction=\"up\" data-decimals=\"0\">0<\/span><span class=\"unit\">+<\/span><\/div><div class=\"counter-box-content\">Gostiju nas posjetilo<\/div><\/div><\/div><div class=\"fusion-counter-box fusion-column col-counter-box counter-box-wrapper col-lg-3 col-md-3 col-sm-3\" data-animationoffset=\"top-into-view\"><div class=\"counter-box-container\"><div class=\"content-box-percentage content-box-counter\"><span class=\"display-counter\" data-value=\"42\" data-direction=\"up\" data-decimals=\"0\">0<\/span><\/div><div class=\"counter-box-content\">Zemlje iz kojih su nas gosti posjetili<\/div><\/div><\/div><div class=\"fusion-counter-box fusion-column col-counter-box counter-box-wrapper col-lg-3 col-md-3 col-sm-3\" data-animationoffset=\"top-into-view\"><div class=\"counter-box-container\"><div class=\"content-box-percentage content-box-counter\"><span class=\"display-counter\" data-value=\"15\" data-delimiter=\",\" data-direction=\"up\" data-decimals=\"0\">0<\/span><\/div><div class=\"counter-box-content\">Pla\u017ea za istra\u017eiti u Komi\u017ei<\/div><\/div><\/div><div class=\"fusion-counter-box fusion-column col-counter-box counter-box-wrapper col-lg-3 col-md-3 col-sm-3\" data-animationoffset=\"top-into-view\"><div class=\"counter-box-container\"><div class=\"content-box-percentage content-box-counter\"><span class=\"display-counter\" data-value=\"40\" data-direction=\"up\" data-decimals=\"0\">0<\/span><span class=\"unit\">+<\/span><\/div><div class=\"counter-box-content\">Kilometara za tr\u010dati \/ voziti biciklu oko otoka<\/div><\/div><\/div><\/div><\/div><\/div><\/div><\/div><\/p>","protected":false},"excerpt":{"rendered":"","protected":false},"author":1,"featured_media":0,"parent":0,"menu_order":0,"comment_status":"closed","ping_status":"open","template":"100-width.php","meta":{"_acf_changed":false,"footnotes":""},"class_list":["post-13","page","type-page","status-publish","hentry"],"acf":[],"jetpack_sharing_enabled":true,"_links":{"self":[{"href":"https:\/\/apartments-kastelani.com\/hr\/wp-json\/wp\/v2\/pages\/13","targetHints":{"allow":["GET"]}}],"collection":[{"href":"https:\/\/apartments-kastelani.com\/hr\/wp-json\/wp\/v2\/pages"}],"about":[{"href":"https:\/\/apartments-kastelani.com\/hr\/wp-json\/wp\/v2\/types\/page"}],"author":[{"embeddable":true,"href":"https:\/\/apartments-kastelani.com\/hr\/wp-json\/wp\/v2\/users\/1"}],"replies":[{"embeddable":true,"href":"https:\/\/apartments-kastelani.com\/hr\/wp-json\/wp\/v2\/comments?post=13"}],"version-history":[{"count":6,"href":"https:\/\/apartments-kastelani.com\/hr\/wp-json\/wp\/v2\/pages\/13\/revisions"}],"predecessor-version":[{"id":1173,"href":"https:\/\/apartments-kastelani.com\/hr\/wp-json\/wp\/v2\/pages\/13\/revisions\/1173"}],"wp:attachment":[{"href":"https:\/\/apartments-kastelani.com\/hr\/wp-json\/wp\/v2\/media?parent=13"}],"curies":[{"name":"wp","href":"https:\/\/api.w.org\/{rel}","templated":true}]}}