{"id":16,"date":"2015-01-27T11:55:16","date_gmt":"2015-01-27T11:55:16","guid":{"rendered":"https:\/\/avada.theme-fusion.com_demos\/travel\/?page_id=16"},"modified":"2023-04-19T00:12:19","modified_gmt":"2023-04-18T22:12:19","slug":"about-komiza","status":"publish","type":"page","link":"https:\/\/apartments-kastelani.com\/hr\/about-komiza\/","title":{"rendered":"About Komiza"},"content":{"rendered":"<div class=\"fusion-fullwidth fullwidth-box fusion-builder-row-1 fusion-flex-container nonhundred-percent-fullwidth non-hundred-percent-height-scrolling\" style=\"--awb-border-radius-top-left:0px;--awb-border-radius-top-right:0px;--awb-border-radius-bottom-right:0px;--awb-border-radius-bottom-left:0px;--awb-flex-wrap:wrap;\" ><div class=\"fusion-builder-row fusion-row fusion-flex-align-items-flex-start fusion-flex-content-wrap\" style=\"max-width:1216.8px;margin-left: calc(-4% \/ 2 );margin-right: calc(-4% \/ 2 );\"><div class=\"fusion-layout-column fusion_builder_column fusion-builder-column-0 fusion_builder_column_1_1 1_1 fusion-flex-column\" style=\"--awb-bg-size:cover;--awb-width-large:100%;--awb-margin-top-large:0px;--awb-spacing-right-large:1.92%;--awb-margin-bottom-large:20px;--awb-spacing-left-large:1.92%;--awb-width-medium:100%;--awb-order-medium:0;--awb-spacing-right-medium:1.92%;--awb-spacing-left-medium:1.92%;--awb-width-small:100%;--awb-order-small:0;--awb-spacing-right-small:1.92%;--awb-spacing-left-small:1.92%;\"><div class=\"fusion-column-wrapper fusion-column-has-shadow fusion-flex-justify-content-flex-start fusion-content-layout-column\"><div class=\"fusion-separator fusion-full-width-sep\" style=\"align-self: center;margin-left: auto;margin-right: auto;width:100%;\"><\/div><\/div><\/div><div class=\"fusion-layout-column fusion_builder_column fusion-builder-column-1 fusion_builder_column_2_3 2_3 fusion-flex-column fusion-flex-align-self-center\" style=\"--awb-bg-size:cover;--awb-width-large:66.666666666667%;--awb-margin-top-large:0px;--awb-spacing-right-large:2.88%;--awb-margin-bottom-large:20px;--awb-spacing-left-large:2.88%;--awb-width-medium:100%;--awb-order-medium:0;--awb-spacing-right-medium:1.92%;--awb-spacing-left-medium:1.92%;--awb-width-small:100%;--awb-order-small:0;--awb-spacing-right-small:1.92%;--awb-spacing-left-small:1.92%;\"><div class=\"fusion-column-wrapper fusion-column-has-shadow fusion-flex-justify-content-center fusion-content-layout-column\"><div class=\"fusion-text fusion-text-1\"><p>Na zapadnoj strani otoka Visa u prekrasnoj uvali pod okriljem Sv. Nikole le\u017ei uspavana ljepotica obiteljskog gnijezda - Grad Komi\u017ea. <span class=\"JLqJ4b ChMk0b\" data-language-for-alternatives=\"en\" data-language-to-translate-into=\"hr\" data-phrase-index=\"1\">Nikola lies the sleeping beauty of the family nest &#8211; the town of Komi\u017ea. <\/span><\/p>\n<p><span class=\"JLqJ4b ChMk0b\" data-language-for-alternatives=\"en\" data-language-to-translate-into=\"hr\" data-phrase-index=\"1\">Majka je to ribara i te\u017eaka, \u017euljevitih ruku i otvrdlih dlanova, al' mekana i otvorena srca prema svome gostu i svakom \u010dovjeku. Svojim gostoprimstvom vra\u0107a Cas iskonskoj ljepoti netaknute prirode, otkriva gastronomske u\u017eitke i opaja mirisom soli, lavande i ru\u017emarina. <\/span><\/p>\n<p><span class=\"JLqJ4b ChMk0b\" data-language-for-alternatives=\"en\" data-language-to-translate-into=\"hr\" data-phrase-index=\"1\">Odmor na na\u0161em otoku obogatit \u0107e Vas i po\u017eeljet \u0107ete novi susret s njime.\nS razlogom je na popisu \"Svjetske zaklade za prirodu (WWF)\" - Posljednja rajska mjesta na mediteranu. <\/span><\/p>\n<p><span class=\"JLqJ4b ChMk0b\" data-language-for-alternatives=\"en\" data-language-to-translate-into=\"hr\" data-phrase-index=\"1\">Mo\u017eda ba\u0161 u Komi\u017ei otvorite svoja vrata bje\u017ee\u0107i od svakodnevnice u potrazi za mirom i ti\u0161inom oko sebe i u sebi, dok su Vam na dohvat ruke morske i podmorske avanture te ljepote gorskog i nebeskog bespu\u0107a.<\/span><\/p>\n<p>Komi\u017ea je jedinstvena jer je netaknuta i neokaljana kao i dosad \u0161to je bila. O njoj mogu ravnodu\u0161no govoriti samo oni koji nikada nisu bili u Komi\u017ei.<\/p>\n<\/div><\/div><\/div><div class=\"fusion-layout-column fusion_builder_column fusion-builder-column-2 fusion_builder_column_1_3 1_3 fusion-flex-column\" style=\"--awb-bg-size:cover;--awb-width-large:33.333333333333%;--awb-margin-top-large:0px;--awb-spacing-right-large:5.76%;--awb-margin-bottom-large:20px;--awb-spacing-left-large:5.76%;--awb-width-medium:100%;--awb-order-medium:0;--awb-spacing-right-medium:1.92%;--awb-spacing-left-medium:1.92%;--awb-width-small:100%;--awb-order-small:0;--awb-spacing-right-small:1.92%;--awb-spacing-left-small:1.92%;\"><div class=\"fusion-column-wrapper fusion-column-has-shadow fusion-flex-justify-content-flex-start fusion-content-layout-column\"><div class=\"awb-gallery-wrapper awb-gallery-wrapper-1 button-span-no\"><div style=\"margin:-5px;--awb-bordersize:0px;\" class=\"fusion-gallery fusion-gallery-container fusion-grid-1 fusion-columns-total-1 fusion-gallery-layout-grid fusion-gallery-1\"><div style=\"padding:5px;\" class=\"fusion-grid-column fusion-gallery-column fusion-gallery-column-1 hover-type-none\"><div class=\"fusion-gallery-image\"><a href=\"https:\/\/apartments-kastelani.com\/wp-content\/uploads\/2021\/02\/org_7c7524d2009fe63b_1605357400000-01-scaled.jpeg\" rel=\"noreferrer\" data-rel=\"iLightbox[gallery_image_1]\" class=\"fusion-lightbox\" target=\"_self\"><img decoding=\"async\" src=\"https:\/\/apartments-kastelani.com\/wp-content\/uploads\/2021\/02\/org_7c7524d2009fe63b_1605357400000-01-scaled.jpeg\" data-orig-src=\"https:\/\/apartments-kastelani.com\/wp-content\/uploads\/2021\/02\/org_7c7524d2009fe63b_1605357400000-01-scaled.jpeg\" width=\"1562\" height=\"2560\" alt=\"Komiza museum\" title=\"Komiza museum\" aria-label=\"Komiza museum\" class=\"lazyload img-responsive wp-image-1048\" srcset=\"data:image\/svg+xml,%3Csvg%20xmlns%3D%27http%3A%2F%2Fwww.w3.org%2F2000%2Fsvg%27%20width%3D%271562%27%20height%3D%272560%27%20viewBox%3D%270%200%201562%202560%27%3E%3Crect%20width%3D%271562%27%20height%3D%272560%27%20fill-opacity%3D%220%22%2F%3E%3C%2Fsvg%3E\" data-srcset=\"https:\/\/apartments-kastelani.com\/wp-content\/uploads\/2021\/02\/org_7c7524d2009fe63b_1605357400000-01-200x328.jpeg 200w, https:\/\/apartments-kastelani.com\/wp-content\/uploads\/2021\/02\/org_7c7524d2009fe63b_1605357400000-01-400x655.jpeg 400w, https:\/\/apartments-kastelani.com\/wp-content\/uploads\/2021\/02\/org_7c7524d2009fe63b_1605357400000-01-600x983.jpeg 600w, https:\/\/apartments-kastelani.com\/wp-content\/uploads\/2021\/02\/org_7c7524d2009fe63b_1605357400000-01-800x1311.jpeg 800w, https:\/\/apartments-kastelani.com\/wp-content\/uploads\/2021\/02\/org_7c7524d2009fe63b_1605357400000-01-1200x1966.jpeg 1200w, https:\/\/apartments-kastelani.com\/wp-content\/uploads\/2021\/02\/org_7c7524d2009fe63b_1605357400000-01-scaled.jpeg 1562w\" data-sizes=\"auto\" data-orig-sizes=\"(min-width: 2200px) 100vw, (min-width: 640px) 1170px, \" \/><\/a><\/div><\/div><div class=\"clearfix\"><\/div><\/div><\/div><\/div><\/div><div class=\"fusion-layout-column fusion_builder_column fusion-builder-column-3 fusion_builder_column_1_1 1_1 fusion-flex-column\" style=\"--awb-bg-size:cover;--awb-width-large:100%;--awb-margin-top-large:0px;--awb-spacing-right-large:1.92%;--awb-margin-bottom-large:20px;--awb-spacing-left-large:1.92%;--awb-width-medium:100%;--awb-order-medium:0;--awb-spacing-right-medium:1.92%;--awb-spacing-left-medium:1.92%;--awb-width-small:100%;--awb-order-small:0;--awb-spacing-right-small:1.92%;--awb-spacing-left-small:1.92%;\"><div class=\"fusion-column-wrapper fusion-column-has-shadow fusion-flex-justify-content-flex-start fusion-content-layout-column\"><div class=\"fusion-separator fusion-full-width-sep\" style=\"align-self: center;margin-left: auto;margin-right: auto;width:100%;\"><div class=\"fusion-separator-border sep-shadow\" style=\"--awb-height:20px;--awb-amount:20px;background:radial-gradient(ellipse at 50% -50% , #e0dede 0px, rgba(255, 255, 255, 0) 80%) repeat scroll 0 0 rgba(0, 0, 0, 0);background:-webkit-radial-gradient(ellipse at 50% -50% , #e0dede 0px, rgba(255, 255, 255, 0) 80%) repeat scroll 0 0 rgba(0, 0, 0, 0);background:-moz-radial-gradient(ellipse at 50% -50% , #e0dede 0px, rgba(255, 255, 255, 0) 80%) repeat scroll 0 0 rgba(0, 0, 0, 0);background:-o-radial-gradient(ellipse at 50% -50% , #e0dede 0px, rgba(255, 255, 255, 0) 80%) repeat scroll 0 0 rgba(0, 0, 0, 0);\"><\/div><\/div><div class=\"fusion-title title fusion-title-1 fusion-title-center fusion-title-text fusion-title-size-one\"><div class=\"title-sep-container title-sep-container-left\"><div class=\"title-sep sep- sep-solid\" style=\"border-color:#e0dede;\"><\/div><\/div><span class=\"awb-title-spacer\"><\/span><h1 class=\"fusion-title-heading title-heading-center fusion-responsive-typography-calculated\" style=\"margin:0;--fontSize:55;line-height:1.09;\"><strong>POVIJEST<\/strong><\/h1><span class=\"awb-title-spacer\"><\/span><div class=\"title-sep-container title-sep-container-right\"><div class=\"title-sep sep- sep-solid\" style=\"border-color:#e0dede;\"><\/div><\/div><\/div><div class=\"fusion-separator fusion-full-width-sep\" style=\"align-self: center;margin-left: auto;margin-right: auto;width:100%;\"><div class=\"fusion-separator-border sep-shadow\" style=\"--awb-height:20px;--awb-amount:20px;background:radial-gradient(ellipse at 50% -50% , #e0dede 0px, rgba(255, 255, 255, 0) 80%) repeat scroll 0 0 rgba(0, 0, 0, 0);background:-webkit-radial-gradient(ellipse at 50% -50% , #e0dede 0px, rgba(255, 255, 255, 0) 80%) repeat scroll 0 0 rgba(0, 0, 0, 0);background:-moz-radial-gradient(ellipse at 50% -50% , #e0dede 0px, rgba(255, 255, 255, 0) 80%) repeat scroll 0 0 rgba(0, 0, 0, 0);background:-o-radial-gradient(ellipse at 50% -50% , #e0dede 0px, rgba(255, 255, 255, 0) 80%) repeat scroll 0 0 rgba(0, 0, 0, 0);\"><\/div><\/div><\/div><\/div><div class=\"fusion-layout-column fusion_builder_column fusion-builder-column-4 fusion_builder_column_1_2 1_2 fusion-flex-column\" style=\"--awb-bg-size:cover;--awb-width-large:50%;--awb-margin-top-large:0px;--awb-spacing-right-large:3.84%;--awb-margin-bottom-large:20px;--awb-spacing-left-large:3.84%;--awb-width-medium:100%;--awb-order-medium:0;--awb-spacing-right-medium:1.92%;--awb-spacing-left-medium:1.92%;--awb-width-small:100%;--awb-order-small:0;--awb-spacing-right-small:1.92%;--awb-spacing-left-small:1.92%;\"><div class=\"fusion-column-wrapper fusion-column-has-shadow fusion-flex-justify-content-flex-start fusion-content-layout-column\"><div class=\"awb-gallery-wrapper awb-gallery-wrapper-2 button-span-no\"><div style=\"margin:-5px;--awb-bordersize:0px;\" class=\"fusion-gallery fusion-gallery-container fusion-grid-1 fusion-columns-total-1 fusion-gallery-layout-grid fusion-gallery-2\"><div style=\"padding:5px;\" class=\"fusion-grid-column fusion-gallery-column fusion-gallery-column-1 hover-type-none\"><div class=\"fusion-gallery-image\"><a href=\"https:\/\/apartments-kastelani.com\/wp-content\/uploads\/2021\/02\/aerial-view-seaside-town-komiza-vis-island-croatia-min-2-scaled.jpg\" rel=\"noreferrer\" data-rel=\"iLightbox[gallery_image_2]\" class=\"fusion-lightbox\" target=\"_self\"><img decoding=\"async\" src=\"https:\/\/apartments-kastelani.com\/wp-content\/uploads\/2021\/02\/aerial-view-seaside-town-komiza-vis-island-croatia-min-2-scaled.jpg\" data-orig-src=\"https:\/\/apartments-kastelani.com\/wp-content\/uploads\/2021\/02\/aerial-view-seaside-town-komiza-vis-island-croatia-min-2-scaled.jpg\" width=\"2560\" height=\"1705\" alt=\"Aerial view seaside Komiza\" title=\"Aerial view seaside Komiza\" aria-label=\"Aerial view seaside Komiza\" class=\"lazyload img-responsive wp-image-1047\" srcset=\"data:image\/svg+xml,%3Csvg%20xmlns%3D%27http%3A%2F%2Fwww.w3.org%2F2000%2Fsvg%27%20width%3D%272560%27%20height%3D%271705%27%20viewBox%3D%270%200%202560%201705%27%3E%3Crect%20width%3D%272560%27%20height%3D%271705%27%20fill-opacity%3D%220%22%2F%3E%3C%2Fsvg%3E\" data-srcset=\"https:\/\/apartments-kastelani.com\/wp-content\/uploads\/2021\/02\/aerial-view-seaside-town-komiza-vis-island-croatia-min-2-200x133.jpg 200w, https:\/\/apartments-kastelani.com\/wp-content\/uploads\/2021\/02\/aerial-view-seaside-town-komiza-vis-island-croatia-min-2-400x266.jpg 400w, https:\/\/apartments-kastelani.com\/wp-content\/uploads\/2021\/02\/aerial-view-seaside-town-komiza-vis-island-croatia-min-2-600x400.jpg 600w, https:\/\/apartments-kastelani.com\/wp-content\/uploads\/2021\/02\/aerial-view-seaside-town-komiza-vis-island-croatia-min-2-800x533.jpg 800w, https:\/\/apartments-kastelani.com\/wp-content\/uploads\/2021\/02\/aerial-view-seaside-town-komiza-vis-island-croatia-min-2-1200x799.jpg 1200w, https:\/\/apartments-kastelani.com\/wp-content\/uploads\/2021\/02\/aerial-view-seaside-town-komiza-vis-island-croatia-min-2-scaled.jpg 2560w\" data-sizes=\"auto\" data-orig-sizes=\"(min-width: 2200px) 100vw, (min-width: 640px) 1170px, \" \/><\/a><\/div><\/div><div class=\"clearfix\"><\/div><\/div><\/div><div class=\"fusion-separator fusion-full-width-sep\" style=\"align-self: center;margin-left: auto;margin-right: auto;width:100%;\"><div class=\"fusion-separator-border sep-shadow\" style=\"--awb-height:20px;--awb-amount:20px;background:radial-gradient(ellipse at 50% -50% , #e0dede 0px, rgba(255, 255, 255, 0) 80%) repeat scroll 0 0 rgba(0, 0, 0, 0);background:-webkit-radial-gradient(ellipse at 50% -50% , #e0dede 0px, rgba(255, 255, 255, 0) 80%) repeat scroll 0 0 rgba(0, 0, 0, 0);background:-moz-radial-gradient(ellipse at 50% -50% , #e0dede 0px, rgba(255, 255, 255, 0) 80%) repeat scroll 0 0 rgba(0, 0, 0, 0);background:-o-radial-gradient(ellipse at 50% -50% , #e0dede 0px, rgba(255, 255, 255, 0) 80%) repeat scroll 0 0 rgba(0, 0, 0, 0);\"><\/div><\/div><div class=\"fusion-video fusion-vimeo\" style=\"--awb-max-width:600px;--awb-max-height:360px;\"><div class=\"video-shortcode\"><div class=\"fluid-width-video-wrapper\" style=\"padding-top:60%;\" ><iframe title=\"Vimeo video player 1\" src=\"https:\/\/player.vimeo.com\/video\/352761806?autoplay=0&autopause=0\" width=\"600\" height=\"360\" allowfullscreen allow=\"autoplay; fullscreen\"><\/iframe><\/div><\/div><\/div><\/div><\/div><div class=\"fusion-layout-column fusion_builder_column fusion-builder-column-5 fusion_builder_column_1_2 1_2 fusion-flex-column\" style=\"--awb-bg-size:cover;--awb-width-large:50%;--awb-margin-top-large:0px;--awb-spacing-right-large:3.84%;--awb-margin-bottom-large:20px;--awb-spacing-left-large:3.84%;--awb-width-medium:100%;--awb-order-medium:0;--awb-spacing-right-medium:1.92%;--awb-spacing-left-medium:1.92%;--awb-width-small:100%;--awb-order-small:0;--awb-spacing-right-small:1.92%;--awb-spacing-left-small:1.92%;\"><div class=\"fusion-column-wrapper fusion-column-has-shadow fusion-flex-justify-content-flex-start fusion-content-layout-column\"><div class=\"fusion-text fusion-text-2\"><p>Komi\u017ea je naseljena ranije od susjednog Visa. Jedna teorija sugerira da je njegovo ime nastalo od rije\u010di Com Issa, \u0161to zna\u010di \"pored Isse\", drevnog Polisa Issa, dana\u0161njeg grada Visa. Komi\u017ea se prvi put spominje 1145. godine kao Val Komeza u darovnici zadarskog kneza Petra, ali vjeruje se da je i prije postojao benediktinski samostan, crkva sv. Nikole danas, tako\u0111er zvana Muster. Razli\u010dite vlasti koje su upravljale otokom i Komi\u017eom. Ono \u0161to ovaj grad posebno \u010dini je njegova duga i jaka tradicija ribolova.<\/p>\n<p>Komi\u017ea je naseljena ranije od susjednog Visa. Jedna teorija sugerira da je njegovo ime nastalo od rije\u010di Com Issa, \u0161to zna\u010di \"pored Isse\", drevnog Polisa Issa, dana\u0161njeg grada Visa. Komi\u017ea se prvi put spominje 1145. godine kao Val Komeza u darovnici zadarskog kneza Petra, ali vjeruje se da je i prije postojao benediktinski samostan, crkva sv. Nikole danas, tako\u0111er zvana Muster. Razli\u010dite vlasti koje su upravljale otokom i Komi\u017eom. Ono \u0161to ovaj grad posebno \u010dini je njegova duga i jaka tradicija ribolova.<\/p>\n<p>Nakon Drugog svjetskog rata otok je postao vojna zona, a zbog izolacije velik se broj mladih preselio na kopno, a ozbiljan turizam u to vrijeme nije bio razvijen. Nekada\u0161nje tvornice za preradu ribe, povezane s tvornicom \"Neptun\", godinama su bile neka vrsta okosnice Komi\u017ee, ali pri\u010da je imala tu\u017ean kraj - tvornica je zatvorena, a danas je prazna. Odlaskom vojske s otoka 1992. godine po\u010deo se razvijati turizam i sada nekoliko ribarskih brodova s oko 60 profesionalnih ribara plovi morem kako bi ulovili malo ribe. <em>became<\/em> a <em>military zone<\/em>, and due to isolation, a large number of young people moved to the mainland, and serious tourism was not developed at the time. The former fish processing factories, affiliated with the factory \u201cNeptun\u201d, had been some kind of backbone of Komi\u017ea for years, but the story had a sad ending \u2013 the factory was closed and it is empty today. With the departure of the Army from the island in 1992, tourism started developing and now a few fishing boats with about 60 professional fishermen sail to the sea in order to catch some fish.<\/p>\n<\/div><\/div><\/div><div class=\"fusion-layout-column fusion_builder_column fusion-builder-column-6 fusion_builder_column_1_1 1_1 fusion-flex-column\" style=\"--awb-bg-size:cover;--awb-width-large:100%;--awb-margin-top-large:0px;--awb-spacing-right-large:1.92%;--awb-margin-bottom-large:20px;--awb-spacing-left-large:1.92%;--awb-width-medium:100%;--awb-order-medium:0;--awb-spacing-right-medium:1.92%;--awb-spacing-left-medium:1.92%;--awb-width-small:100%;--awb-order-small:0;--awb-spacing-right-small:1.92%;--awb-spacing-left-small:1.92%;\"><div class=\"fusion-column-wrapper fusion-column-has-shadow fusion-flex-justify-content-flex-start fusion-content-layout-column\"><div class=\"fusion-separator fusion-full-width-sep\" style=\"align-self: center;margin-left: auto;margin-right: auto;width:100%;\"><div class=\"fusion-separator-border sep-shadow\" style=\"--awb-height:20px;--awb-amount:20px;background:radial-gradient(ellipse at 50% -50% , #e0dede 0px, rgba(255, 255, 255, 0) 80%) repeat scroll 0 0 rgba(0, 0, 0, 0);background:-webkit-radial-gradient(ellipse at 50% -50% , #e0dede 0px, rgba(255, 255, 255, 0) 80%) repeat scroll 0 0 rgba(0, 0, 0, 0);background:-moz-radial-gradient(ellipse at 50% -50% , #e0dede 0px, rgba(255, 255, 255, 0) 80%) repeat scroll 0 0 rgba(0, 0, 0, 0);background:-o-radial-gradient(ellipse at 50% -50% , #e0dede 0px, rgba(255, 255, 255, 0) 80%) repeat scroll 0 0 rgba(0, 0, 0, 0);\"><\/div><\/div><div class=\"fusion-title title fusion-title-2 fusion-title-center fusion-title-text fusion-title-size-one\"><div class=\"title-sep-container title-sep-container-left\"><div class=\"title-sep sep- sep-solid\" style=\"border-color:#e0dede;\"><\/div><\/div><span class=\"awb-title-spacer\"><\/span><h1 class=\"fusion-title-heading title-heading-center fusion-responsive-typography-calculated\" style=\"margin:0;--fontSize:55;line-height:1.09;\"><strong>ZANIMLJIVOSTI<\/strong><\/h1><span class=\"awb-title-spacer\"><\/span><div class=\"title-sep-container title-sep-container-right\"><div class=\"title-sep sep- sep-solid\" style=\"border-color:#e0dede;\"><\/div><\/div><\/div><div class=\"fusion-separator fusion-full-width-sep\" style=\"align-self: center;margin-left: auto;margin-right: auto;width:100%;\"><div class=\"fusion-separator-border sep-shadow\" style=\"--awb-height:20px;--awb-amount:20px;background:radial-gradient(ellipse at 50% -50% , #e0dede 0px, rgba(255, 255, 255, 0) 80%) repeat scroll 0 0 rgba(0, 0, 0, 0);background:-webkit-radial-gradient(ellipse at 50% -50% , #e0dede 0px, rgba(255, 255, 255, 0) 80%) repeat scroll 0 0 rgba(0, 0, 0, 0);background:-moz-radial-gradient(ellipse at 50% -50% , #e0dede 0px, rgba(255, 255, 255, 0) 80%) repeat scroll 0 0 rgba(0, 0, 0, 0);background:-o-radial-gradient(ellipse at 50% -50% , #e0dede 0px, rgba(255, 255, 255, 0) 80%) repeat scroll 0 0 rgba(0, 0, 0, 0);\"><\/div><\/div><\/div><\/div><div class=\"fusion-layout-column fusion_builder_column fusion-builder-column-7 fusion_builder_column_1_2 1_2 fusion-flex-column\" style=\"--awb-bg-size:cover;--awb-width-large:50%;--awb-margin-top-large:0px;--awb-spacing-right-large:3.84%;--awb-margin-bottom-large:20px;--awb-spacing-left-large:3.84%;--awb-width-medium:100%;--awb-order-medium:0;--awb-spacing-right-medium:1.92%;--awb-spacing-left-medium:1.92%;--awb-width-small:100%;--awb-order-small:0;--awb-spacing-right-small:1.92%;--awb-spacing-left-small:1.92%;\"><div class=\"fusion-column-wrapper fusion-column-has-shadow fusion-flex-justify-content-flex-start fusion-content-layout-column\"><ul style=\"--awb-line-height:23.8px;--awb-icon-width:23.8px;--awb-icon-height:23.8px;--awb-icon-margin:9.8px;--awb-content-margin:33.6px;--awb-circlecolor:#a0ce4e;--awb-circle-yes-font-size:12.32px;\" class=\"fusion-checklist fusion-checklist-1 fusion-checklist-default type-icons\"><li class=\"fusion-li-item\" style=\"\"><span class=\"icon-wrapper circle-yes\"><i class=\"fusion-li-icon fa-anchor fas\" aria-hidden=\"true\"><\/i><\/span><div class=\"fusion-li-item-content\">\n<p>Komi\u017ea je prvi hrvatski grad koji je posjetio Papa. Papu Aleksandra III. Ribari su ga prevezli s Palagru\u017ee u Komi\u017eu, gdje je na putu za Veneciju potra\u017eio uto\u010di\u0161te. Iskoristio je priliku da posjeti crkvu sv. Nikole. <em>Pope Alexander III<\/em>was <em>transported<\/em> by <em>fishermen<\/em> from <em>Palagru\u017ea to Komi\u017ea<\/em>, where <em>he<\/em>sought <em>refuge<\/em> from a <em>storm<\/em> on <em>his way<\/em> to <em>Venice<\/em><em>. <\/em><em>He took<\/em> the opportunity to <em>visit St<\/em><em>. <\/em><em>Nicholas\u2019s Church.<\/em><\/p>\n<\/div><\/li><li class=\"fusion-li-item\" style=\"\"><span class=\"icon-wrapper circle-yes\"><i class=\"fusion-li-icon fa-anchor fas\" aria-hidden=\"true\"><\/i><\/span><div class=\"fusion-li-item-content\">\n<p>Komi\u017ea je poznata po svojoj dugoj ribolovnoj tradiciji koju su iseljeni ribari iz Komi\u017ee odveli u Sjevernu Ameriku.<\/p>\n<\/div><\/li><li class=\"fusion-li-item\" style=\"\"><span class=\"icon-wrapper circle-yes\"><i class=\"fusion-li-icon fa-anchor fas\" aria-hidden=\"true\"><\/i><\/span><div class=\"fusion-li-item-content\">\n<p>U 16. stolje\u0107u mleta\u010dke vlasti zabilje\u017eile su da je Komi\u017ea u jednom danu ulovila vi\u0161e od tri milijuna tona srdela.<\/p>\n<\/div><\/li><li class=\"fusion-li-item\" style=\"\"><span class=\"icon-wrapper circle-yes\"><i class=\"fusion-li-icon fa-anchor fas\" aria-hidden=\"true\"><\/i><\/span><div class=\"fusion-li-item-content\">\n<p>Po\u010detkom 20. stolje\u0107a u Komi\u017ei je radilo 7 tvornica za preradu ribe! Najve\u0107i od njih, \u201cFratelli Marde\u0161i\u0107\u201d, izvozio je srdele u Ameriku. Danas tvornica vi\u0161e ne postoji.<\/p>\n<\/div><\/li><\/ul><\/div><\/div><div class=\"fusion-layout-column fusion_builder_column fusion-builder-column-8 fusion_builder_column_1_2 1_2 fusion-flex-column\" style=\"--awb-bg-size:cover;--awb-width-large:50%;--awb-margin-top-large:0px;--awb-spacing-right-large:3.84%;--awb-margin-bottom-large:20px;--awb-spacing-left-large:3.84%;--awb-width-medium:100%;--awb-order-medium:0;--awb-spacing-right-medium:1.92%;--awb-spacing-left-medium:1.92%;--awb-width-small:100%;--awb-order-small:0;--awb-spacing-right-small:1.92%;--awb-spacing-left-small:1.92%;\"><div class=\"fusion-column-wrapper fusion-column-has-shadow fusion-flex-justify-content-flex-start fusion-content-layout-column\"><ul style=\"--awb-line-height:23.8px;--awb-icon-width:23.8px;--awb-icon-height:23.8px;--awb-icon-margin:9.8px;--awb-content-margin:33.6px;--awb-circlecolor:#a0ce4e;--awb-circle-yes-font-size:12.32px;\" class=\"fusion-checklist fusion-checklist-2 fusion-checklist-default type-icons\"><li class=\"fusion-li-item\" style=\"\"><span class=\"icon-wrapper circle-yes\"><i class=\"fusion-li-icon fa-anchor fas\" aria-hidden=\"true\"><\/i><\/span><div class=\"fusion-li-item-content\">\n<p>Danas Komi\u017ea ima samo 1500 stanovnika, a po\u010detkom 20. stolje\u0107a, tijekom zlatnog doba ribolova, imala je preko 5000 ljudi.<sup>th<\/sup> century, during the golden age of fishing, it had over 5000 people.<\/p>\n<\/div><\/li><li class=\"fusion-li-item\" style=\"\"><span class=\"icon-wrapper circle-yes\"><i class=\"fusion-li-icon fa-anchor fas\" aria-hidden=\"true\"><\/i><\/span><div class=\"fusion-li-item-content\">\n<p>U gradu San Pedro u Kaliforniji \u017eivi deset puta vi\u0161e ljudi iz Komi\u017ee nego danas u Komi\u017ei.<\/p>\n<\/div><\/li><li class=\"fusion-li-item\" style=\"\"><span class=\"icon-wrapper circle-yes\"><i class=\"fusion-li-icon fa-anchor fas\" aria-hidden=\"true\"><\/i><\/span><div class=\"fusion-li-item-content\">\n<p>Komi\u0161ki ribarski brod zvan gajeta falku\u0161a predstavljao je Hrvatsku na Svjetskoj izlo\u017ebi - EXPO 1998. u Portugalu.<\/p>\n<\/div><\/li><li class=\"fusion-li-item\" style=\"\"><span class=\"icon-wrapper circle-yes\"><i class=\"fusion-li-icon fa-anchor fas\" aria-hidden=\"true\"><\/i><\/span><div class=\"fusion-li-item-content\">\n<p>Svake godine u Komi\u017ei, na Sv. Nikolu, za\u0161titnika putnika, pomoraca i Komi\u017ee, ispred \u017eupne crkve Svetog Nikole spaljuje se stari drveni ribarski brod prema poganskim tradicijama i drevnom vjerovanju da \u0107e ta \u017ertva za\u0161titi mornare i grad.<\/p>\n<\/div><\/li><li class=\"fusion-li-item\" style=\"\"><span class=\"icon-wrapper circle-yes\"><i class=\"fusion-li-icon fa-anchor fas\" aria-hidden=\"true\"><\/i><\/span><div class=\"fusion-li-item-content\">\n<p>Me\u0111u starijim ljudima koji \u017eive u Komi\u017ei mo\u017eete \u010duti cokavski govor, podvrstu \u010dakavskih dijalekata.<\/p>\n<\/div><\/li><\/ul><\/div><\/div><\/div><\/div>","protected":false},"excerpt":{"rendered":"","protected":false},"author":1,"featured_media":0,"parent":0,"menu_order":0,"comment_status":"closed","ping_status":"open","template":"100-width.php","meta":{"_acf_changed":false,"footnotes":""},"class_list":["post-16","page","type-page","status-publish","hentry"],"acf":[],"jetpack_sharing_enabled":true,"_links":{"self":[{"href":"https:\/\/apartments-kastelani.com\/hr\/wp-json\/wp\/v2\/pages\/16","targetHints":{"allow":["GET"]}}],"collection":[{"href":"https:\/\/apartments-kastelani.com\/hr\/wp-json\/wp\/v2\/pages"}],"about":[{"href":"https:\/\/apartments-kastelani.com\/hr\/wp-json\/wp\/v2\/types\/page"}],"author":[{"embeddable":true,"href":"https:\/\/apartments-kastelani.com\/hr\/wp-json\/wp\/v2\/users\/1"}],"replies":[{"embeddable":true,"href":"https:\/\/apartments-kastelani.com\/hr\/wp-json\/wp\/v2\/comments?post=16"}],"version-history":[{"count":9,"href":"https:\/\/apartments-kastelani.com\/hr\/wp-json\/wp\/v2\/pages\/16\/revisions"}],"predecessor-version":[{"id":1232,"href":"https:\/\/apartments-kastelani.com\/hr\/wp-json\/wp\/v2\/pages\/16\/revisions\/1232"}],"wp:attachment":[{"href":"https:\/\/apartments-kastelani.com\/hr\/wp-json\/wp\/v2\/media?parent=16"}],"curies":[{"name":"wp","href":"https:\/\/api.w.org\/{rel}","templated":true}]}}